{"id":16260,"date":"2016-02-02T16:59:47","date_gmt":"2016-02-02T16:59:47","guid":{"rendered":"https:\/\/sandbox.favethemes.com\/houzez\/?page_id=70"},"modified":"2025-11-04T11:52:22","modified_gmt":"2025-11-04T14:52:22","slug":"blog","status":"publish","type":"page","link":"https:\/\/aguiacasanapraia.hashtagdig.com\/en\/blog\/","title":{"rendered":"Blog"},"content":{"rendered":"<div data-elementor-type=\"wp-page\" data-elementor-id=\"16260\" class=\"elementor elementor-16260\" data-elementor-post-type=\"page\">\n\t\t\t\t<div class=\"elementor-element elementor-element-22db11f e-con-full e-flex e-con e-parent\" data-id=\"22db11f\" data-element_type=\"container\" data-e-type=\"container\">\n\t\t\t\t<div class=\"elementor-element elementor-element-986e94e elementor-widget elementor-widget-html\" data-id=\"986e94e\" data-element_type=\"widget\" data-e-type=\"widget\" data-widget_type=\"html.default\">\n\t\t\t\t\t<!-- HERO \u2014 Blog | \u00c1guia Casa na Praia -->\r\n<section id=\"hero-blog\" style=\"--azul:#0C1B33;--dourado:#C8A951;--branco:#FFFFFF;font-family:Poppins,system-ui,-apple-system,Arial;background:var(--branco);color:var(--azul);\">\r\n  <div style=\"max-width:1440px;margin:0 auto;padding:80px 40px 56px;\">\r\n    <!-- Breadcrumb -->\r\n    <nav aria-label=\"breadcrumb\" itemscope itemtype=\"https:\/\/schema.org\/BreadcrumbList\" style=\"font-size:15px;margin-bottom:16px;opacity:.9;\">\r\n      <span itemprop=\"itemListElement\" itemscope itemtype=\"https:\/\/schema.org\/ListItem\">\r\n        <a href=\"\/en\/\" itemprop=\"item\" style=\"color:var(--azul);text-decoration:none;\">\r\n          <span itemprop=\"name\">Start<\/span>\r\n        <\/a>\r\n        <meta itemprop=\"position\" content=\"1\" \/>\r\n      <\/span>\r\n      <span aria-hidden=\"true\" style=\"margin:0 .5ch;opacity:.6;\">\/<\/span>\r\n      <span itemprop=\"itemListElement\" itemscope itemtype=\"https:\/\/schema.org\/ListItem\" aria-current=\"page\">\r\n        <span itemprop=\"name\">Blog<\/span>\r\n        <meta itemprop=\"position\" content=\"2\" \/>\r\n      <\/span>\r\n    <\/nav>\r\n\r\n    <!-- T\u00edtulo e descri\u00e7\u00e3o -->\r\n    <h1 style=\"margin:0 0 10px;font-weight:700;font-size:clamp(30px,4vw,46px);line-height:1.2;\">The Blog of an Eagle, a House on the Beach<\/h1>\r\n    <p style=\"margin:0;max-width:900px;font-size:clamp(15px,2vw,18px);line-height:1.8;color:#333;\">\r\n      Inspiration, trends, and tips for those that love the coast. Find exclusive content about the real estate market, and life, on the edge of the water.\r\n    <\/p>\r\n    <div aria-hidden=\"true\" style=\"height:4px;width:80px;background:var(--dourado);border-radius:2px;margin-top:20px;\"><\/div>\r\n  <\/div>\r\n<\/section>\r\n\t\t\t\t<\/div>\n\t\t\t\t<\/div>\n\t\t<div class=\"elementor-element elementor-element-c93d75f e-flex e-con-boxed e-con e-parent\" data-id=\"c93d75f\" data-element_type=\"container\" data-e-type=\"container\">\n\t\t\t\t\t<div class=\"e-con-inner\">\n\t\t\t\t<div class=\"elementor-element elementor-element-5d816e3 ag-blog-grid elementor-widget elementor-widget-houzez_elementor_blog_posts_v2\" data-id=\"5d816e3\" data-element_type=\"widget\" data-e-type=\"widget\" data-widget_type=\"houzez_elementor_blog_posts_v2.default\">\n\t\t\t\t<div class=\"elementor-widget-container\">\n\t\t\t\t\t\n        <div class=\"blog-posts-module blog-posts-module-v3\">\n            <div class=\"row\">\n                <div class=\"col-md-5 col-12\"><div class=\"blog-posts-module-v3-left-wrap\"><div id=\"post-18853\" class=\"blog-post-item blog-post-item-v3 mb-3 post-18853 post type-post status-publish format-standard has-post-thumbnail hentry category-dicas-imobiliarias\">\n\t\t<div class=\"blog-post-thumb\">\n\t\t<a href=\"https:\/\/aguiacasanapraia.hashtagdig.com\/en\/18853-2\/\" class=\"hover-effect image-wrap\">\n\t\t\t<img fetchpriority=\"high\" decoding=\"async\" width=\"1280\" height=\"720\" src=\"https:\/\/aguiacasanapraia.hashtagdig.com\/wp-content\/uploads\/2025\/11\/casa-na-praia-com-seguranca.jpg\" class=\"img-fluid wp-post-image\" alt=\"Casa moderna no litoral de Ubatuba vista do alto, mar azul e natureza ao redor \u2014 inspira\u00e7\u00e3o para quem sonha em comprar casa na praia.\" \/>\t\t<\/a>\n\t<\/div><!-- blog-post-thumb -->\n\t\n\t<div class=\"blog-post-content-wrap p-4\">\n\t\t<div class=\"blog-post-meta\">\n\t\t\t<ul class=\"list-inline\">\n\t\t\t\t\t\t\t\t<li class=\"list-inline-item\">\n\t\t\t\t\t<time datetime=\"4 de November de 2025\"><i class=\"houzez-icon icon-calendar-3 me-1\"><\/i> The 4th of November, in the year 2025<\/time>\n\t\t\t\t<\/li>\n\t\t\t\t\n\t\t\t\t\t\t\t\t<li class=\"list-inline-item\">\n\t\t\t\t\t<i class=\"houzez-icon icon-tags me-1\"><\/i> <a href=\"https:\/\/aguiacasanapraia.hashtagdig.com\/en\/category\/dicas-imobiliarias\/\" rel=\"category tag\">Tips On Real Estate<\/a>\t\t\t\t<\/li>\n\t\t\t\t\t\t\t<\/ul>\n\t\t<\/div><!-- blog-post-meta -->\n\t\t<div class=\"blog-post-title\">\n\t\t\t<h3><a href=\"https:\/\/aguiacasanapraia.hashtagdig.com\/en\/18853-2\/\">5 Tips for Buying your House on a Beach with a Safety<\/a><\/h3>\n\t\t<\/div><!-- blog-post-title -->\n\t\t<div class=\"blog-post-body\">\n\t\t\tBuying a house at the beach is a dream for many brazilians, as well as one of the investment, more intelligent, for those who looks for quality. <a class=\"continue-reading\" href=\"https:\/\/aguiacasanapraia.hashtagdig.com\/en\/18853-2\/\">Continue reading <i class=\"fa fa-angle-double-right\"><\/i><\/a>\t\t<\/div><!-- blog-post-body -->\n\t<\/div><!-- blog-post-content-wrap -->\n<\/div><!-- blog-post-item -->\n<\/div><\/div>            <\/div><!-- row -->\n        <\/div><!-- blog-posts-module -->\n\n        \t\t\t\t<\/div>\n\t\t\t\t<\/div>\n\t\t\t\t\t<\/div>\n\t\t\t\t<\/div>\n\t\t\t\t<\/div>","protected":false},"excerpt":{"rendered":"<p>In\u00edcio \/ Blog Blog da \u00c1guia Casa na Praia Inspira\u00e7\u00f5es, tend\u00eancias e dicas para quem ama o litoral. Descubra conte\u00fados exclusivos sobre o mercado imobili\u00e1rio e a vida \u00e0 beira-mar. 4 de novembro de 2025 Dicas 5 Dicas para Comprar sua Casa na Praia com Seguran\u00e7a Comprar uma casa na praia \u00e9 o sonho de [&hellip;]<\/p>","protected":false},"author":1,"featured_media":0,"parent":0,"menu_order":0,"comment_status":"closed","ping_status":"closed","template":"elementor_header_footer","meta":{"pagelayer_contact_templates":[],"_pagelayer_content":"","footnotes":""},"class_list":["post-16260","page","type-page","status-publish","hentry"],"yoast_head":"<!-- This site is optimized with the Yoast SEO Premium plugin v26.3 (Yoast SEO v27.2) - https:\/\/yoast.com\/product\/yoast-seo-premium-wordpress\/ -->\n<title>Blog &#8211; \u00c1guia Casa na Praia<\/title>\n<meta name=\"robots\" content=\"index, follow, max-snippet:-1, max-image-preview:large, max-video-preview:-1\" \/>\n<link rel=\"canonical\" href=\"https:\/\/aguiacasanapraia.hashtagdig.com\/en\/blog\/\" \/>\n<meta property=\"og:locale\" content=\"en_US\" \/>\n<meta property=\"og:type\" content=\"article\" \/>\n<meta property=\"og:title\" content=\"Blog\" \/>\n<meta property=\"og:description\" content=\"In\u00edcio \/ Blog Blog da \u00c1guia Casa na Praia Inspira\u00e7\u00f5es, tend\u00eancias e dicas para quem ama o litoral. Descubra conte\u00fados exclusivos sobre o mercado imobili\u00e1rio e a vida \u00e0 beira-mar. 4 de novembro de 2025 Dicas 5 Dicas para Comprar sua Casa na Praia com Seguran\u00e7a Comprar uma casa na praia \u00e9 o sonho de [&hellip;]\" \/>\n<meta property=\"og:url\" content=\"https:\/\/aguiacasanapraia.hashtagdig.com\/en\/blog\/\" \/>\n<meta property=\"og:site_name\" content=\"\u00c1guia Casa na Praia\" \/>\n<meta property=\"article:publisher\" content=\"https:\/\/www.facebook.com\/aguiacasanapraia\" \/>\n<meta property=\"article:modified_time\" content=\"2025-11-04T14:52:22+00:00\" \/>\n<meta property=\"og:image\" content=\"https:\/\/aguiacasanapraia.hashtagdig.com\/wp-content\/uploads\/2025\/11\/blog.png\" \/>\n<meta name=\"twitter:card\" content=\"summary_large_image\" \/>\n<script type=\"application\/ld+json\" class=\"yoast-schema-graph\">{\"@context\":\"https:\/\/schema.org\",\"@graph\":[{\"@type\":\"WebPage\",\"@id\":\"https:\/\/aguiacasanapraia.hashtagdig.com\/blog\/\",\"url\":\"https:\/\/aguiacasanapraia.hashtagdig.com\/blog\/\",\"name\":\"Blog &#8211; \u00c1guia Casa na Praia\",\"isPartOf\":{\"@id\":\"https:\/\/aguiacasanapraia.hashtagdig.com\/#website\"},\"primaryImageOfPage\":{\"@id\":\"https:\/\/aguiacasanapraia.hashtagdig.com\/blog\/#primaryimage\"},\"image\":{\"@id\":\"https:\/\/aguiacasanapraia.hashtagdig.com\/blog\/#primaryimage\"},\"thumbnailUrl\":\"https:\/\/aguiacasanapraia.hashtagdig.com\/wp-content\/uploads\/2025\/11\/blog.png\",\"datePublished\":\"2016-02-02T16:59:47+00:00\",\"dateModified\":\"2025-11-04T14:52:22+00:00\",\"breadcrumb\":{\"@id\":\"https:\/\/aguiacasanapraia.hashtagdig.com\/blog\/#breadcrumb\"},\"inLanguage\":\"en-US\",\"potentialAction\":[{\"@type\":\"ReadAction\",\"target\":[\"https:\/\/aguiacasanapraia.hashtagdig.com\/blog\/\"]}]},{\"@type\":\"ImageObject\",\"inLanguage\":\"en-US\",\"@id\":\"https:\/\/aguiacasanapraia.hashtagdig.com\/blog\/#primaryimage\",\"url\":\"https:\/\/aguiacasanapraia.hashtagdig.com\/wp-content\/uploads\/2025\/11\/blog.png\",\"contentUrl\":\"https:\/\/aguiacasanapraia.hashtagdig.com\/wp-content\/uploads\/2025\/11\/blog.png\"},{\"@type\":\"BreadcrumbList\",\"@id\":\"https:\/\/aguiacasanapraia.hashtagdig.com\/blog\/#breadcrumb\",\"itemListElement\":[{\"@type\":\"ListItem\",\"position\":1,\"name\":\"In\u00edcio\",\"item\":\"https:\/\/aguiacasanapraia.hashtagdig.com\/\"},{\"@type\":\"ListItem\",\"position\":2,\"name\":\"Blog\"}]},{\"@type\":\"WebSite\",\"@id\":\"https:\/\/aguiacasanapraia.hashtagdig.com\/#website\",\"url\":\"https:\/\/aguiacasanapraia.hashtagdig.com\/\",\"name\":\"\u00c1guia Casa na Praia\",\"description\":\"Imobili\u00e1ria especializada em im\u00f3veis de praia e alto padr\u00e3o.\",\"publisher\":{\"@id\":\"https:\/\/aguiacasanapraia.hashtagdig.com\/#organization\"},\"alternateName\":\"\u00c1guia\",\"potentialAction\":[{\"@type\":\"SearchAction\",\"target\":{\"@type\":\"EntryPoint\",\"urlTemplate\":\"https:\/\/aguiacasanapraia.hashtagdig.com\/?s={search_term_string}\"},\"query-input\":{\"@type\":\"PropertyValueSpecification\",\"valueRequired\":true,\"valueName\":\"search_term_string\"}}],\"inLanguage\":\"en-US\"},{\"@type\":\"Organization\",\"@id\":\"https:\/\/aguiacasanapraia.hashtagdig.com\/#organization\",\"name\":\"\u00c1guia Casa na Praia\",\"alternateName\":\"\u00c1guia\",\"url\":\"https:\/\/aguiacasanapraia.hashtagdig.com\/\",\"logo\":{\"@type\":\"ImageObject\",\"inLanguage\":\"en-US\",\"@id\":\"https:\/\/aguiacasanapraia.hashtagdig.com\/#\/schema\/logo\/image\/\",\"url\":\"https:\/\/aguiacasanapraia.hashtagdig.com\/wp-content\/uploads\/2025\/11\/imagem-site-1.png\",\"contentUrl\":\"https:\/\/aguiacasanapraia.hashtagdig.com\/wp-content\/uploads\/2025\/11\/imagem-site-1.png\",\"width\":696,\"height\":696,\"caption\":\"\u00c1guia Casa na Praia\"},\"image\":{\"@id\":\"https:\/\/aguiacasanapraia.hashtagdig.com\/#\/schema\/logo\/image\/\"},\"sameAs\":[\"https:\/\/www.facebook.com\/aguiacasanapraia\",\"https:\/\/www.instagram.com\/aguia_casanapraia\/\"],\"publishingPrinciples\":\"https:\/\/aguiacasanapraia.hashtagdig.com\/blog\/\"}]}<\/script>\n<!-- \/ Yoast SEO Premium plugin. -->","yoast_head_json":{"title":"Blog &#8211; \u00c1guia Casa na Praia","robots":{"index":"index","follow":"follow","max-snippet":"max-snippet:-1","max-image-preview":"max-image-preview:large","max-video-preview":"max-video-preview:-1"},"canonical":"https:\/\/aguiacasanapraia.hashtagdig.com\/en\/blog\/","og_locale":"en_US","og_type":"article","og_title":"Blog","og_description":"In\u00edcio \/ Blog Blog da \u00c1guia Casa na Praia Inspira\u00e7\u00f5es, tend\u00eancias e dicas para quem ama o litoral. Descubra conte\u00fados exclusivos sobre o mercado imobili\u00e1rio e a vida \u00e0 beira-mar. 4 de novembro de 2025 Dicas 5 Dicas para Comprar sua Casa na Praia com Seguran\u00e7a Comprar uma casa na praia \u00e9 o sonho de [&hellip;]","og_url":"https:\/\/aguiacasanapraia.hashtagdig.com\/en\/blog\/","og_site_name":"\u00c1guia Casa na Praia","article_publisher":"https:\/\/www.facebook.com\/aguiacasanapraia","article_modified_time":"2025-11-04T14:52:22+00:00","og_image":[{"url":"https:\/\/aguiacasanapraia.hashtagdig.com\/wp-content\/uploads\/2025\/11\/blog.png","type":"","width":"","height":""}],"twitter_card":"summary_large_image","schema":{"@context":"https:\/\/schema.org","@graph":[{"@type":"WebPage","@id":"https:\/\/aguiacasanapraia.hashtagdig.com\/blog\/","url":"https:\/\/aguiacasanapraia.hashtagdig.com\/blog\/","name":"Blog &#8211; \u00c1guia Casa na Praia","isPartOf":{"@id":"https:\/\/aguiacasanapraia.hashtagdig.com\/#website"},"primaryImageOfPage":{"@id":"https:\/\/aguiacasanapraia.hashtagdig.com\/blog\/#primaryimage"},"image":{"@id":"https:\/\/aguiacasanapraia.hashtagdig.com\/blog\/#primaryimage"},"thumbnailUrl":"https:\/\/aguiacasanapraia.hashtagdig.com\/wp-content\/uploads\/2025\/11\/blog.png","datePublished":"2016-02-02T16:59:47+00:00","dateModified":"2025-11-04T14:52:22+00:00","breadcrumb":{"@id":"https:\/\/aguiacasanapraia.hashtagdig.com\/blog\/#breadcrumb"},"inLanguage":"en-US","potentialAction":[{"@type":"ReadAction","target":["https:\/\/aguiacasanapraia.hashtagdig.com\/blog\/"]}]},{"@type":"ImageObject","inLanguage":"en-US","@id":"https:\/\/aguiacasanapraia.hashtagdig.com\/blog\/#primaryimage","url":"https:\/\/aguiacasanapraia.hashtagdig.com\/wp-content\/uploads\/2025\/11\/blog.png","contentUrl":"https:\/\/aguiacasanapraia.hashtagdig.com\/wp-content\/uploads\/2025\/11\/blog.png"},{"@type":"BreadcrumbList","@id":"https:\/\/aguiacasanapraia.hashtagdig.com\/blog\/#breadcrumb","itemListElement":[{"@type":"ListItem","position":1,"name":"In\u00edcio","item":"https:\/\/aguiacasanapraia.hashtagdig.com\/"},{"@type":"ListItem","position":2,"name":"Blog"}]},{"@type":"WebSite","@id":"https:\/\/aguiacasanapraia.hashtagdig.com\/#website","url":"https:\/\/aguiacasanapraia.hashtagdig.com\/","name":"\u00c1guia Casa na Praia","description":"Imobili\u00e1ria especializada em im\u00f3veis de praia e alto padr\u00e3o.","publisher":{"@id":"https:\/\/aguiacasanapraia.hashtagdig.com\/#organization"},"alternateName":"\u00c1guia","potentialAction":[{"@type":"SearchAction","target":{"@type":"EntryPoint","urlTemplate":"https:\/\/aguiacasanapraia.hashtagdig.com\/?s={search_term_string}"},"query-input":{"@type":"PropertyValueSpecification","valueRequired":true,"valueName":"search_term_string"}}],"inLanguage":"en-US"},{"@type":"Organization","@id":"https:\/\/aguiacasanapraia.hashtagdig.com\/#organization","name":"\u00c1guia Casa na Praia","alternateName":"\u00c1guia","url":"https:\/\/aguiacasanapraia.hashtagdig.com\/","logo":{"@type":"ImageObject","inLanguage":"en-US","@id":"https:\/\/aguiacasanapraia.hashtagdig.com\/#\/schema\/logo\/image\/","url":"https:\/\/aguiacasanapraia.hashtagdig.com\/wp-content\/uploads\/2025\/11\/imagem-site-1.png","contentUrl":"https:\/\/aguiacasanapraia.hashtagdig.com\/wp-content\/uploads\/2025\/11\/imagem-site-1.png","width":696,"height":696,"caption":"\u00c1guia Casa na Praia"},"image":{"@id":"https:\/\/aguiacasanapraia.hashtagdig.com\/#\/schema\/logo\/image\/"},"sameAs":["https:\/\/www.facebook.com\/aguiacasanapraia","https:\/\/www.instagram.com\/aguia_casanapraia\/"],"publishingPrinciples":"https:\/\/aguiacasanapraia.hashtagdig.com\/blog\/"}]}},"_links":{"self":[{"href":"https:\/\/aguiacasanapraia.hashtagdig.com\/en\/wp-json\/wp\/v2\/pages\/16260","targetHints":{"allow":["GET"]}}],"collection":[{"href":"https:\/\/aguiacasanapraia.hashtagdig.com\/en\/wp-json\/wp\/v2\/pages"}],"about":[{"href":"https:\/\/aguiacasanapraia.hashtagdig.com\/en\/wp-json\/wp\/v2\/types\/page"}],"author":[{"embeddable":true,"href":"https:\/\/aguiacasanapraia.hashtagdig.com\/en\/wp-json\/wp\/v2\/users\/1"}],"replies":[{"embeddable":true,"href":"https:\/\/aguiacasanapraia.hashtagdig.com\/en\/wp-json\/wp\/v2\/comments?post=16260"}],"version-history":[{"count":0,"href":"https:\/\/aguiacasanapraia.hashtagdig.com\/en\/wp-json\/wp\/v2\/pages\/16260\/revisions"}],"wp:attachment":[{"href":"https:\/\/aguiacasanapraia.hashtagdig.com\/en\/wp-json\/wp\/v2\/media?parent=16260"}],"curies":[{"name":"wp","href":"https:\/\/api.w.org\/{rel}","templated":true}]}}