{"id":56,"date":"2020-02-18T11:55:45","date_gmt":"2020-02-18T11:55:45","guid":{"rendered":"https:\/\/demo01.houzez.co\/?page_id=56"},"modified":"2025-11-06T12:03:37","modified_gmt":"2025-11-06T15:03:37","slug":"corretores","status":"publish","type":"page","link":"https:\/\/aguiacasanapraia.hashtagdig.com\/en\/corretores\/","title":{"rendered":"Brokers"},"content":{"rendered":"<div data-elementor-type=\"wp-page\" data-elementor-id=\"56\" class=\"elementor elementor-56\" data-elementor-post-type=\"page\">\n\t\t\t\t<div class=\"elementor-element elementor-element-87c95be e-con-full e-flex e-con e-parent\" data-id=\"87c95be\" data-element_type=\"container\" data-e-type=\"container\">\n\t\t\t\t<div class=\"elementor-element elementor-element-f43ddcb elementor-widget elementor-widget-html\" data-id=\"f43ddcb\" data-element_type=\"widget\" data-e-type=\"widget\" data-widget_type=\"html.default\">\n\t\t\t\t\t<!-- HERO \u2014 P\u00e1gina de Corretores | \u00c1guia Casa na Praia -->\r\n<section id=\"hero-corretores\" style=\"--azul:#0C1B33;--dourado:#C8A951;--branco:#FFFFFF;background:var(--branco);color:var(--azul);font-family:Poppins,system-ui,-apple-system,Arial;\">\r\n  <div style=\"max-width:1440px;margin:0 auto;padding:80px 40px 56px;\">\r\n    \r\n    <!-- Breadcrumb -->\r\n    <nav aria-label=\"breadcrumb\" itemscope itemtype=\"https:\/\/schema.org\/BreadcrumbList\" style=\"font-size:15px;margin-bottom:16px;opacity:.9;\">\r\n      <span itemprop=\"itemListElement\" itemscope itemtype=\"https:\/\/schema.org\/ListItem\">\r\n        <a href=\"\/en\/\" itemprop=\"item\" style=\"color:var(--azul);text-decoration:none;\">\r\n          <span itemprop=\"name\">Start<\/span>\r\n        <\/a>\r\n        <meta itemprop=\"position\" content=\"1\" \/>\r\n      <\/span>\r\n      <span aria-hidden=\"true\" style=\"margin:0 .5ch;opacity:.6;\">\/<\/span>\r\n      <span itemprop=\"itemListElement\" itemscope itemtype=\"https:\/\/schema.org\/ListItem\" aria-current=\"page\">\r\n        <span itemprop=\"name\">Brokers<\/span>\r\n        <meta itemprop=\"position\" content=\"2\" \/>\r\n      <\/span>\r\n    <\/nav>\r\n\r\n    <!-- T\u00edtulo e subt\u00edtulo -->\r\n    <h1 style=\"margin:0;font-weight:700;font-size:clamp(30px,4vw,46px);line-height:1.2;\">Our team of real estate brokers<\/h1>\r\n    <div aria-hidden=\"true\" style=\"height:4px;width:80px;background:var(--dourado);border-radius:2px;margin:20px 0;\"><\/div>\r\n    <p style=\"margin:0;max-width:880px;font-size:clamp(15px,2vw,18px);line-height:1.8;color:#333;\">\r\n      Get to know the professionals who are part of the Eagle House, at the Beach, the benchmark in customer service and consultative curator of the real estate on the north shore. \n Our team is ready to understand what your profile looks like to help you find the ideal property in a transparent and reliable.\r\n    <\/p>\r\n\r\n  <\/div>\r\n<\/section>\r\n\t\t\t\t<\/div>\n\t\t\t\t<\/div>\n\t\t<div class=\"elementor-element elementor-element-683eb5f e-flex e-con-boxed e-con e-parent\" data-id=\"683eb5f\" data-element_type=\"container\" data-e-type=\"container\">\n\t\t\t\t\t<div class=\"e-con-inner\">\n\t\t\t\t<div class=\"elementor-element elementor-element-cb0a06c elementor-widget elementor-widget-houzez_elementor_agents_grid\" data-id=\"cb0a06c\" data-element_type=\"widget\" data-e-type=\"widget\" data-widget_type=\"houzez_elementor_agents_grid.default\">\n\t\t\t\t<div class=\"elementor-widget-container\">\n\t\t\t\t\t\n        <div class=\"agent-v2-grid-module agents-grid-view row row-cols-1 row-cols-md-2 row-cols-lg-3 row-cols-xl-3 g-3\">\n\n                    <\/div><!-- agent-module -->\n\n        \n        \t\t\t\t<\/div>\n\t\t\t\t<\/div>\n\t\t\t\t\t<\/div>\n\t\t\t\t<\/div>\n\t\t<div class=\"elementor-element elementor-element-0c84c95 e-con-full e-flex e-con e-parent\" data-id=\"0c84c95\" data-element_type=\"container\" data-e-type=\"container\">\n\t\t\t\t<div class=\"elementor-element elementor-element-e985f57 elementor-widget elementor-widget-html\" data-id=\"e985f57\" data-element_type=\"widget\" data-e-type=\"widget\" data-widget_type=\"html.default\">\n\t\t\t\t\t<!-- SE\u00c7\u00c3O \u2014 FAQ (Corretores | vers\u00e3o \"Ver perfil\") | \u00c1guia Casa na Praia -->\r\n<section class=\"ag-faq-corretores\" aria-labelledby=\"ag-faq-title\">\r\n  <style>\r\n    .ag-faq-corretores{\r\n      --azul:#0C1B33; --dourado:#C8A951; --texto:#191919;\r\n      background:#FFFFFF; color:var(--texto);\r\n      padding:72px 0;\r\n      font-family:'Poppins',system-ui,-apple-system,\"Segoe UI\",Roboto,Arial,sans-serif;\r\n      -webkit-font-smoothing:antialiased; -moz-osx-font-smoothing:grayscale;\r\n    }\r\n    .ag-faq-corretores .wrap{ width:min(1200px,92vw); margin:0 auto; }\r\n    .ag-faq-corretores .overline{\r\n      color:var(--dourado); font-weight:600; text-transform:uppercase;\r\n      letter-spacing:.18em; font-size:12px; margin-bottom:10px;\r\n    }\r\n    .ag-faq-corretores h2{\r\n      font-weight:800; font-size:clamp(28px,4vw,40px);\r\n      margin:0 0 32px; color:var(--azul);\r\n    }\r\n\r\n    \/* Acorde\u00e3o nativo (details\/summary) *\/\r\n    .ag-faq-corretores details{\r\n      border-bottom:1px solid #eee; padding:18px 0;\r\n      transition:background .3s ease;\r\n    }\r\n    .ag-faq-corretores summary{\r\n      cursor:pointer; font-weight:600; font-size:17px;\r\n      list-style:none; position:relative; padding-right:28px; color:var(--azul);\r\n    }\r\n    .ag-faq-corretores summary::marker{ display:none; }\r\n    .ag-faq-corretores summary::-webkit-details-marker{ display:none; }\r\n    .ag-faq-corretores summary::after{\r\n      content:\"+\"; position:absolute; right:0; top:0;\r\n      color:var(--dourado); font-weight:700; font-size:20px; transition:transform .25s ease;\r\n    }\r\n    .ag-faq-corretores details[open] summary::after{ transform:rotate(45deg); }\r\n    .ag-faq-corretores details[open] summary{ color:var(--dourado); }\r\n    .ag-faq-corretores details p{\r\n      margin:12px 0 0; color:#555; font-size:15px; line-height:1.7;\r\n    }\r\n\r\n    @media (prefers-reduced-motion: reduce){\r\n      .ag-faq-corretores summary::after{ transition:none; }\r\n    }\r\n  <\/style>\r\n\r\n  <div class=\"wrap\">\r\n    <div class=\"overline\">Frequently asked questions<\/div>\r\n    <h2 id=\"ag-faq-title\">On the \u201cView profile\u201d from the broker,<\/h2>\r\n\r\n    <details>\r\n      <summary>What I find when I click the \u201cView my profile\u201d?<\/summary>\r\n      <p>In the profile of your broker, you will see the phone, and WhatsApp CRECI, areas of expertise (Working along the coast in the north), biography, language, and a list of buildings that it serves. This is the fastest way of speaking to the right person.<\/p>\r\n    <\/details>\r\n\r\n    <details>\r\n      <summary>How to talk to your broker for more info?)<\/summary>\r\n      <p>Open the \u201cprofile\u201d and use the contact information (phone\/WhatsApp) are displayed at the top of your profile. You can also request information from you on any real property that is listed by the broker.<\/p>\r\n    <\/details>\r\n\r\n    <details>\r\n      <summary>As I can see, all of the property of a broker in particular?<\/summary>\r\n      <p>Yes. In the \u201cView profile\u201d page, there is a section of a commercial real estate broker. You can choose to filter out, open the details, and ask for more information directly from there.<\/p>\r\n    <\/details>\r\n\r\n    <details>\r\n      <summary>Which broker suits my style, a neighborhood or a condo?<\/summary>\r\n      <p>The profiles are listed in the regions of operation (ex.: Itagu\u00e1, Toninhas, Praia Grande, centro de Ubatuba). If you remain in any doubt, please contact us by any of the profile, and let us know your location, our team will direct you to a specialist is ideal.<\/p>\r\n    <\/details>\r\n\r\n    <details>\r\n      <summary>I can schedule you a visit from the profile of your broker?<\/summary>\r\n      <p>Yes. The Use of WhatsApp\/phone number on the profile to match a day &amp; time. If you prefer, you open up the real estate you want, and then click on the \u201cRequest a tour,\u201d to talk directly with the owner.<\/p>\r\n    <\/details>\r\n  <\/div>\r\n<\/section>\r\n\t\t\t\t<\/div>\n\t\t\t\t<\/div>\n\t\t\t\t<\/div>","protected":false},"excerpt":{"rendered":"<p>In\u00edcio \/ Corretores Nossa equipe de corretores Conhe\u00e7a os profissionais que fazem da \u00c1guia Casa na Praia refer\u00eancia em atendimento consultivo e curadoria de im\u00f3veis no litoral norte. Nossa equipe est\u00e1 pronta para entender o seu perfil e ajud\u00e1-lo a encontrar o im\u00f3vel ideal com transpar\u00eancia e confian\u00e7a. D\u00favidas frequentes Sobre o \u201cVer perfil\u201d do [&hellip;]<\/p>","protected":false},"author":1,"featured_media":0,"parent":0,"menu_order":0,"comment_status":"closed","ping_status":"closed","template":"elementor_header_footer","meta":{"pagelayer_contact_templates":[],"_pagelayer_content":"","footnotes":""},"class_list":["post-56","page","type-page","status-publish","hentry"],"yoast_head":"<!-- This site is optimized with the Yoast SEO Premium plugin v26.3 (Yoast SEO v27.2) - https:\/\/yoast.com\/product\/yoast-seo-premium-wordpress\/ -->\n<title>Corretores &#8211; \u00c1guia Casa na Praia<\/title>\n<meta name=\"robots\" content=\"index, follow, max-snippet:-1, max-image-preview:large, max-video-preview:-1\" \/>\n<link rel=\"canonical\" href=\"https:\/\/aguiacasanapraia.hashtagdig.com\/en\/corretores\/\" \/>\n<meta property=\"og:locale\" content=\"en_US\" \/>\n<meta property=\"og:type\" content=\"article\" \/>\n<meta property=\"og:title\" content=\"Corretores\" \/>\n<meta property=\"og:description\" content=\"In\u00edcio \/ Corretores Nossa equipe de corretores Conhe\u00e7a os profissionais que fazem da \u00c1guia Casa na Praia refer\u00eancia em atendimento consultivo e curadoria de im\u00f3veis no litoral norte. Nossa equipe est\u00e1 pronta para entender o seu perfil e ajud\u00e1-lo a encontrar o im\u00f3vel ideal com transpar\u00eancia e confian\u00e7a. D\u00favidas frequentes Sobre o \u201cVer perfil\u201d do [&hellip;]\" \/>\n<meta property=\"og:url\" content=\"https:\/\/aguiacasanapraia.hashtagdig.com\/en\/corretores\/\" \/>\n<meta property=\"og:site_name\" content=\"\u00c1guia Casa na Praia\" \/>\n<meta property=\"article:publisher\" content=\"https:\/\/www.facebook.com\/aguiacasanapraia\" \/>\n<meta property=\"article:modified_time\" content=\"2025-11-06T15:03:37+00:00\" \/>\n<meta property=\"og:image\" content=\"https:\/\/aguiacasanapraia.hashtagdig.com\/wp-content\/uploads\/2025\/11\/imagem-site.png\" \/>\n\t<meta property=\"og:image:width\" content=\"1200\" \/>\n\t<meta property=\"og:image:height\" content=\"675\" \/>\n\t<meta property=\"og:image:type\" content=\"image\/png\" \/>\n<meta name=\"twitter:card\" content=\"summary_large_image\" \/>\n<meta name=\"twitter:label1\" content=\"Est. reading time\" \/>\n\t<meta name=\"twitter:data1\" content=\"1 minute\" \/>\n<script type=\"application\/ld+json\" class=\"yoast-schema-graph\">{\"@context\":\"https:\/\/schema.org\",\"@graph\":[{\"@type\":\"WebPage\",\"@id\":\"https:\/\/aguiacasanapraia.hashtagdig.com\/corretores\/\",\"url\":\"https:\/\/aguiacasanapraia.hashtagdig.com\/corretores\/\",\"name\":\"Corretores &#8211; \u00c1guia Casa na Praia\",\"isPartOf\":{\"@id\":\"https:\/\/aguiacasanapraia.hashtagdig.com\/#website\"},\"datePublished\":\"2020-02-18T11:55:45+00:00\",\"dateModified\":\"2025-11-06T15:03:37+00:00\",\"breadcrumb\":{\"@id\":\"https:\/\/aguiacasanapraia.hashtagdig.com\/corretores\/#breadcrumb\"},\"inLanguage\":\"en-US\",\"potentialAction\":[{\"@type\":\"ReadAction\",\"target\":[\"https:\/\/aguiacasanapraia.hashtagdig.com\/corretores\/\"]}]},{\"@type\":\"BreadcrumbList\",\"@id\":\"https:\/\/aguiacasanapraia.hashtagdig.com\/corretores\/#breadcrumb\",\"itemListElement\":[{\"@type\":\"ListItem\",\"position\":1,\"name\":\"In\u00edcio\",\"item\":\"https:\/\/aguiacasanapraia.hashtagdig.com\/\"},{\"@type\":\"ListItem\",\"position\":2,\"name\":\"Corretores\"}]},{\"@type\":\"WebSite\",\"@id\":\"https:\/\/aguiacasanapraia.hashtagdig.com\/#website\",\"url\":\"https:\/\/aguiacasanapraia.hashtagdig.com\/\",\"name\":\"\u00c1guia Casa na Praia\",\"description\":\"Imobili\u00e1ria especializada em im\u00f3veis de praia e alto padr\u00e3o.\",\"publisher\":{\"@id\":\"https:\/\/aguiacasanapraia.hashtagdig.com\/#organization\"},\"alternateName\":\"\u00c1guia\",\"potentialAction\":[{\"@type\":\"SearchAction\",\"target\":{\"@type\":\"EntryPoint\",\"urlTemplate\":\"https:\/\/aguiacasanapraia.hashtagdig.com\/?s={search_term_string}\"},\"query-input\":{\"@type\":\"PropertyValueSpecification\",\"valueRequired\":true,\"valueName\":\"search_term_string\"}}],\"inLanguage\":\"en-US\"},{\"@type\":\"Organization\",\"@id\":\"https:\/\/aguiacasanapraia.hashtagdig.com\/#organization\",\"name\":\"\u00c1guia Casa na Praia\",\"alternateName\":\"\u00c1guia\",\"url\":\"https:\/\/aguiacasanapraia.hashtagdig.com\/\",\"logo\":{\"@type\":\"ImageObject\",\"inLanguage\":\"en-US\",\"@id\":\"https:\/\/aguiacasanapraia.hashtagdig.com\/#\/schema\/logo\/image\/\",\"url\":\"https:\/\/aguiacasanapraia.hashtagdig.com\/wp-content\/uploads\/2025\/11\/imagem-site-1.png\",\"contentUrl\":\"https:\/\/aguiacasanapraia.hashtagdig.com\/wp-content\/uploads\/2025\/11\/imagem-site-1.png\",\"width\":696,\"height\":696,\"caption\":\"\u00c1guia Casa na Praia\"},\"image\":{\"@id\":\"https:\/\/aguiacasanapraia.hashtagdig.com\/#\/schema\/logo\/image\/\"},\"sameAs\":[\"https:\/\/www.facebook.com\/aguiacasanapraia\",\"https:\/\/www.instagram.com\/aguia_casanapraia\/\"],\"publishingPrinciples\":\"https:\/\/aguiacasanapraia.hashtagdig.com\/blog\/\"}]}<\/script>\n<!-- \/ Yoast SEO Premium plugin. -->","yoast_head_json":{"title":"Corretores &#8211; \u00c1guia Casa na Praia","robots":{"index":"index","follow":"follow","max-snippet":"max-snippet:-1","max-image-preview":"max-image-preview:large","max-video-preview":"max-video-preview:-1"},"canonical":"https:\/\/aguiacasanapraia.hashtagdig.com\/en\/corretores\/","og_locale":"en_US","og_type":"article","og_title":"Corretores","og_description":"In\u00edcio \/ Corretores Nossa equipe de corretores Conhe\u00e7a os profissionais que fazem da \u00c1guia Casa na Praia refer\u00eancia em atendimento consultivo e curadoria de im\u00f3veis no litoral norte. Nossa equipe est\u00e1 pronta para entender o seu perfil e ajud\u00e1-lo a encontrar o im\u00f3vel ideal com transpar\u00eancia e confian\u00e7a. D\u00favidas frequentes Sobre o \u201cVer perfil\u201d do [&hellip;]","og_url":"https:\/\/aguiacasanapraia.hashtagdig.com\/en\/corretores\/","og_site_name":"\u00c1guia Casa na Praia","article_publisher":"https:\/\/www.facebook.com\/aguiacasanapraia","article_modified_time":"2025-11-06T15:03:37+00:00","og_image":[{"width":1200,"height":675,"url":"https:\/\/aguiacasanapraia.hashtagdig.com\/wp-content\/uploads\/2025\/11\/imagem-site.png","type":"image\/png"}],"twitter_card":"summary_large_image","twitter_misc":{"Est. reading time":"1 minute"},"schema":{"@context":"https:\/\/schema.org","@graph":[{"@type":"WebPage","@id":"https:\/\/aguiacasanapraia.hashtagdig.com\/corretores\/","url":"https:\/\/aguiacasanapraia.hashtagdig.com\/corretores\/","name":"Corretores &#8211; \u00c1guia Casa na Praia","isPartOf":{"@id":"https:\/\/aguiacasanapraia.hashtagdig.com\/#website"},"datePublished":"2020-02-18T11:55:45+00:00","dateModified":"2025-11-06T15:03:37+00:00","breadcrumb":{"@id":"https:\/\/aguiacasanapraia.hashtagdig.com\/corretores\/#breadcrumb"},"inLanguage":"en-US","potentialAction":[{"@type":"ReadAction","target":["https:\/\/aguiacasanapraia.hashtagdig.com\/corretores\/"]}]},{"@type":"BreadcrumbList","@id":"https:\/\/aguiacasanapraia.hashtagdig.com\/corretores\/#breadcrumb","itemListElement":[{"@type":"ListItem","position":1,"name":"In\u00edcio","item":"https:\/\/aguiacasanapraia.hashtagdig.com\/"},{"@type":"ListItem","position":2,"name":"Corretores"}]},{"@type":"WebSite","@id":"https:\/\/aguiacasanapraia.hashtagdig.com\/#website","url":"https:\/\/aguiacasanapraia.hashtagdig.com\/","name":"\u00c1guia Casa na Praia","description":"Imobili\u00e1ria especializada em im\u00f3veis de praia e alto padr\u00e3o.","publisher":{"@id":"https:\/\/aguiacasanapraia.hashtagdig.com\/#organization"},"alternateName":"\u00c1guia","potentialAction":[{"@type":"SearchAction","target":{"@type":"EntryPoint","urlTemplate":"https:\/\/aguiacasanapraia.hashtagdig.com\/?s={search_term_string}"},"query-input":{"@type":"PropertyValueSpecification","valueRequired":true,"valueName":"search_term_string"}}],"inLanguage":"en-US"},{"@type":"Organization","@id":"https:\/\/aguiacasanapraia.hashtagdig.com\/#organization","name":"\u00c1guia Casa na Praia","alternateName":"\u00c1guia","url":"https:\/\/aguiacasanapraia.hashtagdig.com\/","logo":{"@type":"ImageObject","inLanguage":"en-US","@id":"https:\/\/aguiacasanapraia.hashtagdig.com\/#\/schema\/logo\/image\/","url":"https:\/\/aguiacasanapraia.hashtagdig.com\/wp-content\/uploads\/2025\/11\/imagem-site-1.png","contentUrl":"https:\/\/aguiacasanapraia.hashtagdig.com\/wp-content\/uploads\/2025\/11\/imagem-site-1.png","width":696,"height":696,"caption":"\u00c1guia Casa na Praia"},"image":{"@id":"https:\/\/aguiacasanapraia.hashtagdig.com\/#\/schema\/logo\/image\/"},"sameAs":["https:\/\/www.facebook.com\/aguiacasanapraia","https:\/\/www.instagram.com\/aguia_casanapraia\/"],"publishingPrinciples":"https:\/\/aguiacasanapraia.hashtagdig.com\/blog\/"}]}},"_links":{"self":[{"href":"https:\/\/aguiacasanapraia.hashtagdig.com\/en\/wp-json\/wp\/v2\/pages\/56","targetHints":{"allow":["GET"]}}],"collection":[{"href":"https:\/\/aguiacasanapraia.hashtagdig.com\/en\/wp-json\/wp\/v2\/pages"}],"about":[{"href":"https:\/\/aguiacasanapraia.hashtagdig.com\/en\/wp-json\/wp\/v2\/types\/page"}],"author":[{"embeddable":true,"href":"https:\/\/aguiacasanapraia.hashtagdig.com\/en\/wp-json\/wp\/v2\/users\/1"}],"replies":[{"embeddable":true,"href":"https:\/\/aguiacasanapraia.hashtagdig.com\/en\/wp-json\/wp\/v2\/comments?post=56"}],"version-history":[{"count":0,"href":"https:\/\/aguiacasanapraia.hashtagdig.com\/en\/wp-json\/wp\/v2\/pages\/56\/revisions"}],"wp:attachment":[{"href":"https:\/\/aguiacasanapraia.hashtagdig.com\/en\/wp-json\/wp\/v2\/media?parent=56"}],"curies":[{"name":"wp","href":"https:\/\/api.w.org\/{rel}","templated":true}]}}